{"id":28,"date":"2022-11-11T11:58:02","date_gmt":"2022-11-11T11:58:02","guid":{"rendered":"https:\/\/34.89.251.130\/?page_id=28"},"modified":"2023-03-07T14:34:15","modified_gmt":"2023-03-07T07:34:15","slug":"home","status":"publish","type":"page","link":"https:\/\/www.alpergames.com\/","title":{"rendered":"Home"},"content":{"rendered":"[vc_row][vc_column][\/vc_column][\/vc_row][vc_row ia_row_style=&#8221;0&#8243; ia_row_paralax=&#8221;1&#8243; ia_row_scheme=&#8221;1&#8243; css=&#8221;.vc_custom_1472247581557{margin-top: 0px !important;margin-bottom: 0px !important;padding-top: 180px !important;padding-bottom: 72px !important;background-image: url(https:\/\/alpergames.com\/wp-content\/uploads\/2022\/11\/back1.jpg) !important;background-position: center !important;background-repeat: no-repeat !important;background-size: cover !important;}&#8221; u_row_style=&#8221;0&#8243; u_row_paralax=&#8221;1&#8243; u_row_scheme=&#8221;1&#8243;][vc_column]    <div class=\"ia-heading ia-heading-heading_9155 heading-align-center \" data-delay=0>\r\n    \t<h2 class=\"h1\">\r\n                \tBATAK HD                <\/h2>\r\n        <div class=\"clearfix\"><\/div>\r\n    <\/div>\r\n    [vc_row_inner][vc_column_inner][vc_column_text css=&#8221;.vc_custom_1668164395097{margin-bottom: 20px !important;}&#8221;]\n<p style=\"text-align: center;\">3-5-8, \u0130haleli, \u0130halesiz, E\u015fli ve G\u00f6mmeli oyun se\u00e7enekleri ile Batak HD oynay\u0131n.<\/p>\n[\/vc_column_text][\/vc_column_inner][\/vc_row_inner][vc_row_inner][vc_column_inner][vc_single_image image=&#8221;31&#8243; img_size=&#8221;full&#8221; alignment=&#8221;center&#8221; style=&#8221;vc_box_rounded&#8221; onclick=&#8221;custom_link&#8221; img_link_target=&#8221;_blank&#8221; link=&#8221;https:\/\/apps.apple.com\/us\/app\/batak-hd-i-nternetsiz-batak\/id883198221&#8243;][vc_single_image image=&#8221;32&#8243; img_size=&#8221;full&#8221; alignment=&#8221;center&#8221; style=&#8221;vc_box_rounded&#8221; onclick=&#8221;custom_link&#8221; img_link_target=&#8221;_blank&#8221; link=&#8221;https:\/\/play.google.com\/store\/apps\/details?id=com.alper.batak.hd&#8221;][vc_single_image image=&#8221;33&#8243; img_size=&#8221;full&#8221; alignment=&#8221;center&#8221; style=&#8221;vc_box_rounded&#8221; onclick=&#8221;custom_link&#8221; img_link_target=&#8221;_blank&#8221; link=&#8221;https:\/\/appgallery.huawei.com\/#\/app\/C101996423&#8243;]            <div class=\"iapp-showcase-shortcode iapp-showcase-shortcode-5731\">\r\n\t\t\t\t<section class=\"iapp-showcase iapp-showcase-1 showcase-style-hero\">\r\n<h2 class=\"hidden hide\">Batak HD Showcase<\/h2>\r\n<div class=\"row\"><div class=\"col-xs-4 hero-col\">        \t<div class=\"ias-devide-wrap ias-devide-1\">\r\n        \t\t<div class=\"ia-iphone5s ias-devide black\">\r\n    <div class=\"device\">\r\n        <div class=\"inner\"><\/div>\r\n        <div class=\"sleep\"><\/div>\r\n        <div class=\"volume\"><\/div>\r\n        <div class=\"camera\"><\/div>\r\n        <div class=\"top-bar\"><\/div>\r\n        <div class=\"sensor\"><\/div>\r\n        <div class=\"speaker\"><\/div>\r\n        <div class=\"screen\">\r\n        \t<div class=\"ias-devide-content ias-devide-content-image\">\r\n\t\t<img decoding=\"async\" src=\"https:\/\/www.alpergames.com\/wp-content\/uploads\/2022\/11\/1-2.png\" alt=\"1\" \/>\r\n    <\/div>        <\/div>\r\n        <div class=\"bottom-bar\"><\/div>\r\n        <div class=\"home\"><\/div>\r\n    <\/div>\r\n<\/div>            <\/div>\r\n\t\t<\/div><div class=\"col-xs-4 hero-col\">        \t<div class=\"ias-devide-wrap ias-devide-2\">\r\n        \t\t<div class=\"ia-iphone5s ias-devide black\">\r\n    <div class=\"device\">\r\n        <div class=\"inner\"><\/div>\r\n        <div class=\"sleep\"><\/div>\r\n        <div class=\"volume\"><\/div>\r\n        <div class=\"camera\"><\/div>\r\n        <div class=\"top-bar\"><\/div>\r\n        <div class=\"sensor\"><\/div>\r\n        <div class=\"speaker\"><\/div>\r\n        <div class=\"screen\">\r\n        \t<div class=\"ias-devide-content ias-devide-content-image\">\r\n\t\t<img decoding=\"async\" src=\"https:\/\/www.alpergames.com\/wp-content\/uploads\/2022\/11\/3.png\" alt=\"3\" \/>\r\n    <\/div>        <\/div>\r\n        <div class=\"bottom-bar\"><\/div>\r\n        <div class=\"home\"><\/div>\r\n    <\/div>\r\n<\/div>            <\/div>\r\n\t\t<\/div><div class=\"col-xs-4 hero-col\">        \t<div class=\"ias-devide-wrap ias-devide-3\">\r\n        \t\t<div class=\"ia-iphone5s ias-devide black\">\r\n    <div class=\"device\">\r\n        <div class=\"inner\"><\/div>\r\n        <div class=\"sleep\"><\/div>\r\n        <div class=\"volume\"><\/div>\r\n        <div class=\"camera\"><\/div>\r\n        <div class=\"top-bar\"><\/div>\r\n        <div class=\"sensor\"><\/div>\r\n        <div class=\"speaker\"><\/div>\r\n        <div class=\"screen\">\r\n        \t<div class=\"ias-devide-content ias-devide-content-image\">\r\n\t\t<img decoding=\"async\" src=\"https:\/\/www.alpergames.com\/wp-content\/uploads\/2022\/11\/2.png\" alt=\"2\" \/>\r\n    <\/div>        <\/div>\r\n        <div class=\"bottom-bar\"><\/div>\r\n        <div class=\"home\"><\/div>\r\n    <\/div>\r\n<\/div>            <\/div>\r\n\t\t<\/div><\/div><\/section>            <\/div><!--\/iapp-showcase-shortcode-->\r\n            [\/vc_column_inner][\/vc_row_inner][vc_row_inner][vc_column_inner][\/vc_column_inner][\/vc_row_inner][\/vc_column][\/vc_row][vc_row ia_row_style=&#8221;0&#8243; ia_row_paralax=&#8221;0&#8243; ia_row_scheme=&#8221;0&#8243; css=&#8221;.vc_custom_1412180374138{margin-bottom: 0px !important;padding-top: 60px !important;background-color: #ffffff !important;}&#8221; u_row_style=&#8221;0&#8243; u_row_paralax=&#8221;0&#8243; u_row_scheme=&#8221;0&#8243;][vc_column css=&#8221;.vc_custom_1610368299238{margin-bottom: 20px !important;}&#8221;]    <div class=\"ia-heading ia-heading-heading_1543 heading-align-center \" data-delay=0>\r\n    \t<h2 class=\"h1\">\r\n                \t101 OKEY HD                <\/h2>\r\n        <div class=\"clearfix\"><\/div>\r\n    <\/div>\r\n    [vc_column_text css=&#8221;.vc_custom_1668166793793{margin-bottom: 25px !important;}&#8221;]\n<p style=\"text-align: center;\">\u0130nternete ba\u011flanma zorunlulu\u011fu olmadan 101 Okey HD oynay\u0131n&#8230;<\/p>\n<p style=\"text-align: center;\">[\/vc_column_text][vc_single_image image=&#8221;31&#8243; img_size=&#8221;full&#8221; alignment=&#8221;center&#8221; style=&#8221;vc_box_rounded&#8221; onclick=&#8221;custom_link&#8221; img_link_target=&#8221;_blank&#8221; link=&#8221;https:\/\/apps.apple.com\/gb\/app\/101-okey-hd-i-nternetsiz-y{261be2339e88e5fbfe7cbbacd6f76a072782b9c701ff2515c9f2976dadcdabae}C3{261be2339e88e5fbfe7cbbacd6f76a072782b9c701ff2515c9f2976dadcdabae}BCzbir\/id913569430&#8243;][vc_single_image image=&#8221;32&#8243; img_size=&#8221;full&#8221; alignment=&#8221;center&#8221; style=&#8221;vc_box_rounded&#8221; onclick=&#8221;custom_link&#8221; img_link_target=&#8221;_blank&#8221; link=&#8221;https:\/\/play.google.com\/store\/apps\/details?id=com.alper.okey101.hd&#8221;][vc_single_image image=&#8221;33&#8243; img_size=&#8221;full&#8221; alignment=&#8221;center&#8221; style=&#8221;vc_box_rounded&#8221; onclick=&#8221;custom_link&#8221; img_link_target=&#8221;_blank&#8221; link=&#8221;https:\/\/appgallery.huawei.com\/#\/app\/C102121347&#8243;]            <div class=\"iapp-showcase-shortcode iapp-showcase-shortcode-2982\">\r\n\t\t\t\t<section class=\"iapp-showcase iapp-showcase-2 showcase-style-listing is-ias-carousel\">\r\n<h2 class=\"hidden hide\">101 okey hd showcase<\/h2>\r\n        \t<div class=\"ias-devide-wrap ias-devide-4\">\r\n        \t\t<div class=\"ia-iphone5s ias-devide black landscape\">\r\n    <div class=\"device\">\r\n        <div class=\"inner\"><\/div>\r\n        <div class=\"sleep\"><\/div>\r\n        <div class=\"volume\"><\/div>\r\n        <div class=\"camera\"><\/div>\r\n        <div class=\"top-bar\"><\/div>\r\n        <div class=\"sensor\"><\/div>\r\n        <div class=\"speaker\"><\/div>\r\n        <div class=\"screen\">\r\n        \t<div class=\"ias-devide-content ias-devide-content-image\">\r\n\t\t<img decoding=\"async\" src=\"https:\/\/www.alpergames.com\/wp-content\/uploads\/2022\/11\/1-1.png\" alt=\"1\" \/>\r\n    <\/div>        <\/div>\r\n        <div class=\"bottom-bar\"><\/div>\r\n        <div class=\"home\"><\/div>\r\n    <\/div>\r\n<\/div>            <\/div>\r\n\t\t        \t<div class=\"ias-devide-wrap ias-devide-5\">\r\n        \t\t<div class=\"ia-iphone5s ias-devide black landscape\">\r\n    <div class=\"device\">\r\n        <div class=\"inner\"><\/div>\r\n        <div class=\"sleep\"><\/div>\r\n        <div class=\"volume\"><\/div>\r\n        <div class=\"camera\"><\/div>\r\n        <div class=\"top-bar\"><\/div>\r\n        <div class=\"sensor\"><\/div>\r\n        <div class=\"speaker\"><\/div>\r\n        <div class=\"screen\">\r\n        \t<div class=\"ias-devide-content ias-devide-content-image\">\r\n\t\t<img decoding=\"async\" src=\"https:\/\/www.alpergames.com\/wp-content\/uploads\/2022\/11\/2-1.png\" alt=\"2\" \/>\r\n    <\/div>        <\/div>\r\n        <div class=\"bottom-bar\"><\/div>\r\n        <div class=\"home\"><\/div>\r\n    <\/div>\r\n<\/div>            <\/div>\r\n\t\t        \t<div class=\"ias-devide-wrap ias-devide-6\">\r\n        \t\t<div class=\"ia-iphone5s ias-devide black landscape\">\r\n    <div class=\"device\">\r\n        <div class=\"inner\"><\/div>\r\n        <div class=\"sleep\"><\/div>\r\n        <div class=\"volume\"><\/div>\r\n        <div class=\"camera\"><\/div>\r\n        <div class=\"top-bar\"><\/div>\r\n        <div class=\"sensor\"><\/div>\r\n        <div class=\"speaker\"><\/div>\r\n        <div class=\"screen\">\r\n        \t<div class=\"ias-devide-content ias-devide-content-image\">\r\n\t\t<img decoding=\"async\" src=\"https:\/\/www.alpergames.com\/wp-content\/uploads\/2022\/11\/3-1.png\" alt=\"3\" \/>\r\n    <\/div>        <\/div>\r\n        <div class=\"bottom-bar\"><\/div>\r\n        <div class=\"home\"><\/div>\r\n    <\/div>\r\n<\/div>            <\/div>\r\n\t\t<\/section>            <\/div><!--\/iapp-showcase-shortcode-->\r\n            [\/vc_column][\/vc_row][vc_row][vc_column][vc_row_inner][vc_column_inner][\/vc_column_inner][\/vc_row_inner][\/vc_column][\/vc_row][vc_row][vc_column][vc_row_inner][vc_column_inner][\/vc_column_inner][\/vc_row_inner][\/vc_column][\/vc_row]\n","protected":false},"excerpt":{"rendered":"<p>[vc_row][vc_column][\/vc_column][\/vc_row][vc_row ia_row_style=&#8221;0&#8243; ia_row_paralax=&#8221;1&#8243; ia_row_scheme=&#8221;1&#8243; css=&#8221;.vc_custom_1472247581557{margin-top: 0px !important;margin-bottom: 0px !important;padding-top: 180px !important;padding-bottom: 72px !important;background-image: url(https:\/\/alpergames.com\/wp-content\/uploads\/2022\/11\/back1.jpg) !important;background-position: center !important;background-repeat: no-repeat !important;background-size: cover !important;}&#8221; u_row_style=&#8221;0&#8243; u_row_paralax=&#8221;1&#8243; u_row_scheme=&#8221;1&#8243;][vc_column][vc_row_inner][vc_column_inner][vc_column_text css=&#8221;.vc_custom_1668164395097{margin-bottom: 20px !important;}&#8221;] 3-5-8, \u0130haleli, \u0130halesiz, E\u015fli ve G\u00f6mmeli oyun se\u00e7enekleri [&hellip;]<\/p>\n","protected":false},"author":1,"featured_media":0,"parent":0,"menu_order":0,"comment_status":"closed","ping_status":"closed","template":"page-templates\/front-page.php","meta":{"footnotes":""},"class_list":["post-28","page","type-page","status-publish","hentry"],"_links":{"self":[{"href":"https:\/\/www.alpergames.com\/index.php?rest_route=\/wp\/v2\/pages\/28","targetHints":{"allow":["GET"]}}],"collection":[{"href":"https:\/\/www.alpergames.com\/index.php?rest_route=\/wp\/v2\/pages"}],"about":[{"href":"https:\/\/www.alpergames.com\/index.php?rest_route=\/wp\/v2\/types\/page"}],"author":[{"embeddable":true,"href":"https:\/\/www.alpergames.com\/index.php?rest_route=\/wp\/v2\/users\/1"}],"replies":[{"embeddable":true,"href":"https:\/\/www.alpergames.com\/index.php?rest_route=%2Fwp%2Fv2%2Fcomments&post=28"}],"version-history":[{"count":7,"href":"https:\/\/www.alpergames.com\/index.php?rest_route=\/wp\/v2\/pages\/28\/revisions"}],"predecessor-version":[{"id":54,"href":"https:\/\/www.alpergames.com\/index.php?rest_route=\/wp\/v2\/pages\/28\/revisions\/54"}],"wp:attachment":[{"href":"https:\/\/www.alpergames.com\/index.php?rest_route=%2Fwp%2Fv2%2Fmedia&parent=28"}],"curies":[{"name":"wp","href":"https:\/\/api.w.org\/{rel}","templated":true}]}}